{"id":43,"date":"2024-09-26T07:33:11","date_gmt":"2024-09-26T05:33:11","guid":{"rendered":"http:\/\/bodyforme-provin.fr\/?page_id=43"},"modified":"2026-02-13T06:46:10","modified_gmt":"2026-02-13T05:46:10","slug":"informations","status":"publish","type":"page","link":"https:\/\/bodyforme-provin.fr\/index.php\/informations\/","title":{"rendered":"Informations"},"content":{"rendered":"\n<figure class=\"wp-block-image size-full\"><img loading=\"lazy\" decoding=\"async\" width=\"600\" height=\"100\" src=\"http:\/\/bodyforme-provin.fr\/wp-content\/uploads\/2024\/09\/banniere-HR.jpg\" alt=\"\" class=\"wp-image-46\" srcset=\"https:\/\/bodyforme-provin.fr\/wp-content\/uploads\/2024\/09\/banniere-HR.jpg 600w, https:\/\/bodyforme-provin.fr\/wp-content\/uploads\/2024\/09\/banniere-HR-300x50.jpg 300w\" sizes=\"auto, (max-width: 600px) 100vw, 600px\" \/><\/figure>\n\n\n\n<p class=\"has-text-align-center has-medium-font-size\" style=\"line-height:0.1\"><strong>Horaires d&rsquo;ouverture : <\/strong><\/p>\n\n\n\n<p class=\"has-text-align-center has-medium-font-size\" style=\"line-height:0.1\"><strong>du Lundi au Vendredi : 9h\/20h<\/strong><\/p>\n\n\n\n<p class=\"has-text-align-center has-medium-font-size\" style=\"line-height:0.1\"><strong>le Samedi : 9h\/17h<\/strong><\/p>\n\n\n\n<p class=\"has-text-align-center has-medium-font-size\" style=\"line-height:0.1\"><\/p>\n\n\n\n<p class=\"has-text-align-center has-small-font-size\" style=\"line-height:1.1\"><strong>Abonnement Annuel<\/strong><\/p>\n\n\n\n<p class=\"has-text-align-center has-small-font-size\" style=\"line-height:1.1\"><em><strong>120 euros<\/strong> \/ <strong>100 euros<\/strong> <strong>Provinois<\/strong> (Avec Justificatif Domicile)<\/em><br><\/p>\n\n\n\n<p class=\"has-text-align-center has-small-font-size\" style=\"line-height:1.1\">Abonnement Mensuel <\/p>\n\n\n\n<p class=\"has-text-align-center has-small-font-size\" style=\"line-height:1.1\"> <em>45 euros \/ 35 euros Provinois <\/em><\/p>\n\n\n\n<p class=\"has-text-align-center has-small-font-size\" style=\"line-height:1.1\"><em><strong>+ 5 euros de Caution<\/strong> pour le badge d&rsquo;entr\u00e9e<\/em><\/p>\n\n\n\n<p class=\"has-text-align-center has-small-font-size\">Salle Poly<em>v<\/em>alente, rue L\u00e9on Blum 59185 Provin<\/p>\n\n\n\n<p class=\"has-text-align-center\" style=\"line-height:0.7\"><strong><a href=\"https:\/\/bodyforme-provin.fr\/\">Pour S&rsquo;inscrire<\/a><\/strong><\/p>\n\n\n\n<p class=\"has-text-align-center\" style=\"line-height:0.7\"><strong><a href=\"http:\/\/bodyforme-provin.fr\/wp-content\/uploads\/2024\/09\/2024.Reglement.BodyForme.V2.pdf\">Le R\u00e9glement Int\u00e9rieur de l\u2019Association<\/a><\/strong><\/p>\n\n\n\n<p class=\"has-text-align-center\" style=\"line-height:0.7\"><strong><a href=\"http:\/\/bodyforme-provin.fr\/wp-content\/uploads\/2024\/09\/2024.Fiche_.Inscription.V1.2.pdf\">La Fiche d\u2019Inscription<\/a><\/strong><\/p>\n\n\n<figure class=\"wp-block-image size-full\">\n<p class=\"has-text-align-center\"> <a href=\"mailto:bodyformeprovin@gmail.com\"><img loading=\"lazy\" decoding=\"async\" width=\"92\" height=\"96\" class=\"wp-image-47\" src=\"http:\/\/bodyforme-provin.fr\/wp-content\/uploads\/2024\/09\/email-icon.png\" alt=\"\" \/><\/a><a href=\"https:\/\/www.google.com\/local\/place\/fid\/0x47dd2dc9c1b53e4b:0x6f58cddcdfd1a7bf\/photosphere?iu=https:\/\/streetviewpixels-pa.googleapis.com\/v1\/thumbnail?panoid%3DqeJ8F2Q3qRJkShZ_rAk37A%26cb_client%3Dsearch.gws-prod.gps%26yaw%3D266.3687%26pitch%3D0%26thumbfov%3D100%26w%3D0%26h%3D0&amp;ik=CAISFnFlSjhGMlEzcVJKa1NoWl9yQWszN0E%3D&amp;sa=X&amp;ved=2ahUKEwjs06vk8N-IAxX5UqQEHc1GEEYQpx96BAgcEAs\"><img loading=\"lazy\" decoding=\"async\" class=\"alignnone wp-image-44 size-full\" src=\"http:\/\/bodyforme-provin.fr\/wp-content\/uploads\/2024\/09\/address-icon.png\" alt=\"\" width=\"92\" height=\"96\" \/><\/a><a href=\"https:\/\/www.facebook.com\/bodyformeprovin\/?locale=fr_FR\"><img loading=\"lazy\" decoding=\"async\" class=\"alignnone wp-image-48 size-full\" src=\"http:\/\/bodyforme-provin.fr\/wp-content\/uploads\/2024\/09\/fb-icon.png\" alt=\"\" width=\"92\" height=\"96\" \/><\/a><\/p>\n<\/figure>\n\n\n<p><\/p>\n","protected":false},"excerpt":{"rendered":"<p>Horaires d&rsquo;ouverture : du Lundi au Vendredi : 9h\/20h le Samedi : 9h\/17h Abonnement Annuel 120 euros \/ 100 euros Provinois (Avec Justificatif Domicile) Abonnement Mensuel 45 euros \/ 35 euros Provinois + 5 euros de Caution pour le badge d&rsquo;entr\u00e9e Salle Polyvalente, rue L\u00e9on Blum 59185 Provin Pour S&rsquo;inscrire Le R\u00e9glement Int\u00e9rieur de l\u2019Association [&hellip;]<\/p>\n","protected":false},"author":1,"featured_media":0,"parent":0,"menu_order":0,"comment_status":"closed","ping_status":"closed","template":"","meta":{"footnotes":""},"class_list":["post-43","page","type-page","status-publish","hentry"],"_links":{"self":[{"href":"https:\/\/bodyforme-provin.fr\/index.php\/wp-json\/wp\/v2\/pages\/43","targetHints":{"allow":["GET"]}}],"collection":[{"href":"https:\/\/bodyforme-provin.fr\/index.php\/wp-json\/wp\/v2\/pages"}],"about":[{"href":"https:\/\/bodyforme-provin.fr\/index.php\/wp-json\/wp\/v2\/types\/page"}],"author":[{"embeddable":true,"href":"https:\/\/bodyforme-provin.fr\/index.php\/wp-json\/wp\/v2\/users\/1"}],"replies":[{"embeddable":true,"href":"https:\/\/bodyforme-provin.fr\/index.php\/wp-json\/wp\/v2\/comments?post=43"}],"version-history":[{"count":29,"href":"https:\/\/bodyforme-provin.fr\/index.php\/wp-json\/wp\/v2\/pages\/43\/revisions"}],"predecessor-version":[{"id":163,"href":"https:\/\/bodyforme-provin.fr\/index.php\/wp-json\/wp\/v2\/pages\/43\/revisions\/163"}],"wp:attachment":[{"href":"https:\/\/bodyforme-provin.fr\/index.php\/wp-json\/wp\/v2\/media?parent=43"}],"curies":[{"name":"wp","href":"https:\/\/api.w.org\/{rel}","templated":true}]}}