{"id":2,"date":"2024-09-22T12:09:50","date_gmt":"2024-09-22T10:09:50","guid":{"rendered":"http:\/\/bodyforme-provin.fr\/?page_id=2"},"modified":"2026-03-22T08:58:07","modified_gmt":"2026-03-22T07:58:07","slug":"page-d-exemple","status":"publish","type":"page","link":"https:\/\/bodyforme-provin.fr\/","title":{"rendered":"Nous rejoindre ?"},"content":{"rendered":"\n<figure class=\"wp-block-image size-large is-resized\"><img loading=\"lazy\" decoding=\"async\" width=\"563\" height=\"1024\" src=\"http:\/\/bodyforme-provin.fr\/wp-content\/uploads\/2024\/09\/IMG_4941-563x1024.webp\" alt=\"\" class=\"wp-image-19\" style=\"width:627px;height:auto\" srcset=\"https:\/\/bodyforme-provin.fr\/wp-content\/uploads\/2024\/09\/IMG_4941-563x1024.webp 563w, https:\/\/bodyforme-provin.fr\/wp-content\/uploads\/2024\/09\/IMG_4941-165x300.webp 165w, https:\/\/bodyforme-provin.fr\/wp-content\/uploads\/2024\/09\/IMG_4941.webp 690w\" sizes=\"auto, (max-width: 563px) 100vw, 563px\" \/><\/figure>\n\n\n\n<p class=\"has-text-align-center\">La salle se situe : Salle Polyvalente BodyForme Provin<\/p>\n\n\n\n<p class=\"has-text-align-center\"> <a href=\"https:\/\/www.google.com\/local\/place\/fid\/0x47dd2dc9c1b53e4b:0x6f58cddcdfd1a7bf\/photosphere?iu=https:\/\/streetviewpixels-pa.googleapis.com\/v1\/thumbnail?panoid%3DqeJ8F2Q3qRJkShZ_rAk37A%26cb_client%3Dsearch.gws-prod.gps%26yaw%3D266.3687%26pitch%3D0%26thumbfov%3D100%26w%3D0%26h%3D0&amp;ik=CAISFnFlSjhGMlEzcVJKa1NoWl9yQWszN0E%3D&amp;sa=X&amp;ved=2ahUKEwig15D57d-IAxXIVaQEHZWGD5UQpx96BAhHEAs\">\u00e0 l&rsquo;angle de la rue L\u00e9on Blum \/ Jean Baptiste Lebas 59785 Provin <\/a><\/p>\n\n\n\n<p class=\"has-text-align-center has-small-font-size\"><em>Cotisation Annuelle = 120 euros \/ 100 euros Provinois (Avec Justificatif Domicile)<\/em><br><em>Cotisation Mensuelle = 45 euros \/ 35 euros Provinois (Avec Justificatif Domicile)<\/em><\/p>\n\n\n\n<p class=\"has-text-align-center has-small-font-size\"><em>+ 5 euros de Caution pour le badge d&rsquo;entr\u00e9e<\/em><\/p>\n\n\n\n<p class=\"has-text-align-center has-large-font-size\"><strong>Tu souhaites t\u2019inscrire \u00e0 la salle de musculation BodyForme ?<\/strong><\/p>\n\n\n\n<p class=\"has-text-align-center has-large-font-size\"><strong>Rendez vous les samedi 11\/04\/26 et<\/strong> <strong>30\/05\/26 de 10h00 \u00e0 12h00 \u00e0 la salle BodyForme<\/strong><\/p>\n\n\n\n<p class=\"has-text-align-center\">Pour les pr\u00e9-inscriptions, il faut te munir de :<\/p>\n\n\n\n<ul class=\"wp-block-list\">\n<li>1 photo d\u2019identit\u00e9,<\/li>\n\n\n\n<li>La fiche d\u2019inscription compl\u00e8te,<\/li>\n\n\n\n<li>Le paiement de la cotisation (CB, Ch\u00e8que ou esp\u00e8ces),<\/li>\n\n\n\n<li>Pour les mineurs (\u00e0 partir de 14 ans), une autorisation parentale,<\/li>\n\n\n\n<li>Un justificatif de domicile pour les Provinois.<\/li>\n<\/ul>\n\n\n\n<p>En venant avec ces documents, ton dossier sera complet, un badge d\u2019acc\u00e8s te sera remis pour acc\u00e9der \u00e0 la salle (<strong>Caution de 5 euros par badge<\/strong>)<\/p>\n\n\n\n<p><strong>Et \u00e0 toi le Sport !!!!<\/strong><\/p>\n\n\n\n<p class=\"has-text-align-center\"><strong><a href=\"http:\/\/bodyforme-provin.fr\/wp-content\/uploads\/2024\/09\/2024.Reglement.BodyForme.V2.pdf\" data-type=\"attachment\" data-id=\"36\">Le R\u00e9glement Int\u00e9rieur de l&rsquo;Association<\/a><\/strong><\/p>\n\n\n\n<p class=\"has-text-align-center\"><strong><a href=\"http:\/\/bodyforme-provin.fr\/wp-content\/uploads\/2024\/09\/2024.Fiche_.Inscription.V1.2.pdf\" data-type=\"attachment\" data-id=\"34\">La Fiche d&rsquo;Inscription<\/a><\/strong><\/p>\n\n\n\n<p class=\"has-text-align-center\"><strong><a href=\"https:\/\/bodyforme-provin.fr\/wp-content\/uploads\/2024\/10\/2024.Autorisation.Parentale.V1.0.pdf\">Autorisation Parentale pour les mineurs<\/a><\/strong><\/p>\n\n\n\n<p><\/p>\n\n\n\n<p><\/p>\n\n\n\n<p class=\"has-text-align-center has-large-font-size\"><strong>Tu souhaites effectuer une s\u00e9ance d\u2019essai chez BodyForme Provin ?<\/strong><br>Viens avec tes affaires :<\/p>\n\n\n\n<ul class=\"wp-block-list has-large-font-size\">\n<li>le <strong>Samedi 11 avril<\/strong> 2026 de <strong>10h00 \u00e0 12h00<\/strong><\/li>\n\n\n\n<li>le <strong>Samedi 30 mai <\/strong>2026 de <strong>10h00 \u00e0 12h00<\/strong><\/li>\n<\/ul>\n\n\n\n<p class=\"has-text-align-center\">ou contacte nous sur Facebook et Messenger<\/p>\n\n\n\n<p><\/p>\n","protected":false},"excerpt":{"rendered":"<p>La salle se situe : Salle Polyvalente BodyForme Provin \u00e0 l&rsquo;angle de la rue L\u00e9on Blum \/ Jean Baptiste Lebas 59785 Provin Cotisation Annuelle = 120 euros \/ 100 euros Provinois (Avec Justificatif Domicile)Cotisation Mensuelle = 45 euros \/ 35 euros Provinois (Avec Justificatif Domicile) + 5 euros de Caution pour le badge d&rsquo;entr\u00e9e Tu [&hellip;]<\/p>\n","protected":false},"author":1,"featured_media":0,"parent":0,"menu_order":0,"comment_status":"closed","ping_status":"open","template":"","meta":{"footnotes":""},"class_list":["post-2","page","type-page","status-publish","hentry"],"_links":{"self":[{"href":"https:\/\/bodyforme-provin.fr\/index.php\/wp-json\/wp\/v2\/pages\/2","targetHints":{"allow":["GET"]}}],"collection":[{"href":"https:\/\/bodyforme-provin.fr\/index.php\/wp-json\/wp\/v2\/pages"}],"about":[{"href":"https:\/\/bodyforme-provin.fr\/index.php\/wp-json\/wp\/v2\/types\/page"}],"author":[{"embeddable":true,"href":"https:\/\/bodyforme-provin.fr\/index.php\/wp-json\/wp\/v2\/users\/1"}],"replies":[{"embeddable":true,"href":"https:\/\/bodyforme-provin.fr\/index.php\/wp-json\/wp\/v2\/comments?post=2"}],"version-history":[{"count":56,"href":"https:\/\/bodyforme-provin.fr\/index.php\/wp-json\/wp\/v2\/pages\/2\/revisions"}],"predecessor-version":[{"id":167,"href":"https:\/\/bodyforme-provin.fr\/index.php\/wp-json\/wp\/v2\/pages\/2\/revisions\/167"}],"wp:attachment":[{"href":"https:\/\/bodyforme-provin.fr\/index.php\/wp-json\/wp\/v2\/media?parent=2"}],"curies":[{"name":"wp","href":"https:\/\/api.w.org\/{rel}","templated":true}]}}